{"id":566,"date":"2019-09-06T14:13:46","date_gmt":"2019-09-06T17:13:46","guid":{"rendered":"http:\/\/gestionriesgocero.com.ar\/gr0-2019\/?page_id=566"},"modified":"2019-09-09T11:30:41","modified_gmt":"2019-09-09T14:30:41","slug":"manuales","status":"publish","type":"page","link":"https:\/\/gestionriesgocero.com.ar\/gr0-2019\/index.php\/manuales\/","title":{"rendered":"Manuales"},"content":{"rendered":"<div id='av_section_1' class='avia-section main_color avia-section-default avia-no-shadow avia-full-stretch av-parallax-section av-section-color-overlay-active avia-bg-style-parallax  avia-builder-el-0  el_before_av_section  avia-builder-el-first   av-minimum-height av-minimum-height-50 container_wrap fullsize' style=' '  data-section-bg-repeat='stretch'><div class='av-parallax' data-avia-parallax-ratio='0.3' ><div class='av-parallax-inner main_color  avia-full-stretch' style = 'background-repeat: no-repeat; background-image: url(https:\/\/gestionriesgocero.com.ar\/gr0-2019\/wp-content\/uploads\/2019\/09\/manuales-slide.jpg);background-attachment: scroll; background-position: center center; ' ><\/div><\/div><div class='av-section-color-overlay-wrap'><div class='av-section-color-overlay' style='opacity: 0.5; background-color: #000000; '><\/div><div class='container' ><main  role=\"main\" itemprop=\"mainContentOfPage\"  class='template-page content  av-content-full alpha units'><div class='post-entry post-entry-type-page post-entry-566'><div class='entry-content-wrapper clearfix'>\n<div class=\"flex_column av_one_full  av-animated-generic bottom-to-top  flex_column_div av-zero-column-padding first  avia-builder-el-1  avia-builder-el-no-sibling  \" style='border-radius:0px; '><p><div style='padding-bottom:0px; color:#ffffff;font-size:40px;' class='av-special-heading av-special-heading-h3 custom-color-heading blockquote modern-quote modern-centered  avia-builder-el-2  el_before_av_hr  avia-builder-el-first  av-inherit-size '><h3 class='av-special-heading-tag '  itemprop=\"headline\"  >Manuales de Capacitaci\u00f3n<\/h3><div class='special-heading-border'><div class='special-heading-inner-border' style='border-color:#ffffff'><\/div><\/div><\/div><br \/>\n<div style=' margin-top:5px; margin-bottom:35px;'  class='hr hr-custom hr-center hr-icon-no   avia-builder-el-3  el_after_av_heading  avia-builder-el-last '><span class='hr-inner   inner-border-av-border-fat' style=' width:50px; border-color:#249a80;' ><span class='hr-inner-style'><\/span><\/span><\/div><\/p><\/div>\n\n<\/div><\/div><\/main><!-- close content main element --><\/div><\/div><\/div><div id='av_section_2' class='avia-section alternate_color avia-section-default avia-no-border-styling avia-bg-style-scroll  avia-builder-el-4  el_after_av_section  el_before_av_section   container_wrap fullsize' style=' '  ><div class='container' ><div class='template-page content  av-content-full alpha units'><div class='post-entry post-entry-type-page post-entry-566'><div class='entry-content-wrapper clearfix'>\n<div class=\"flex_column av_one_full  flex_column_div first  avia-builder-el-5  avia-builder-el-no-sibling  \" style='padding:0px 40px 0px 40px ; border-radius:0px; '><section class=\"av_textblock_section \"  itemscope=\"itemscope\" itemtype=\"https:\/\/schema.org\/CreativeWork\" ><div class='avia_textblock  av_inherit_color '  style='font-size:17px; color:#ffffff; '  itemprop=\"text\" ><p>Ponemos a disposici\u00f3n material \u00fatil de capacitaci\u00f3n de acceso libre y gratuito, para toda empresa que est\u00e9 interesada en establecer en su personal una cultura preventiva ante riesgos laborales, dar respuesta a quienes no tienen acceso a una modalidad presencial de capacitaci\u00f3n o como complemento de la misma.<\/p>\n<p>El uso y distribuci\u00f3n de estos manuales en el ambiente de trabajo, hacen posible la concientizaci\u00f3n y el reconocimiento de los sistemas de prevenci\u00f3n y seguridad, permitiendo introducir mejoras en las condiciones laborales y reducir el riesgo de siniestros.<\/p>\n<p>Solo deber\u00e1 seleccionar el manual de inter\u00e9s y podr\u00e1 descargarlo en formato <strong>PDF<\/strong>.<\/p>\n<\/div><\/section><\/div><\/div><\/div><\/div><!-- close content main div --><\/div><\/div><div id='av_section_3' class='avia-section main_color avia-section-default avia-no-border-styling avia-bg-style-scroll  avia-builder-el-7  el_after_av_section  avia-builder-el-last   container_wrap fullsize' style=' '  ><div class='container' ><div class='template-page content  av-content-full alpha units'><div class='post-entry post-entry-type-page post-entry-566'><div class='entry-content-wrapper clearfix'>\n<div class=\"flex_column av_one_third  av-animated-generic bottom-to-top  flex_column_div av-zero-column-padding first  avia-builder-el-8  el_before_av_one_third  avia-builder-el-first  \" style='border-radius:0px; '><p><div class='avia-image-container  av-styling-    avia-builder-el-9  el_before_av_hr  avia-builder-el-first  avia-align-center '  itemprop=\"image\" itemscope=\"itemscope\" itemtype=\"https:\/\/schema.org\/ImageObject\"  ><div class='avia-image-container-inner'><div class='avia-image-overlay-wrap'><img class='avia_image' src='https:\/\/gestionriesgocero.com.ar\/gr0-2019\/wp-content\/uploads\/2019\/08\/Cargas-imagen-manual-300x158.jpg' alt='Manual-cargas' title='Manual Cargas' height=\"158\" width=\"300\"  itemprop=\"thumbnailUrl\"  \/><\/div><\/div><\/div><br \/>\n<div style=' margin-top:10px; margin-bottom:10px;'  class='hr hr-custom hr-center hr-icon-no   avia-builder-el-10  el_after_av_image  el_before_av_heading '><span class='hr-inner   inner-border-av-border-fat' style=' width:50px; border-color:#249a80;' ><span class='hr-inner-style'><\/span><\/span><\/div><br \/>\n<div style='padding-bottom:0px; ' class='av-special-heading av-special-heading-h3  blockquote modern-quote modern-centered  avia-builder-el-11  el_after_av_hr  avia-builder-el-last   '><h3 class='av-special-heading-tag '  itemprop=\"headline\"  >Manejo de Cargas<\/h3><div class ='av-subheading av-subheading_below  ' style='font-size:15px;'><p>Levantamiento y Transporte manual de Cargas<\/p>\n<\/div><div class='special-heading-border'><div class='special-heading-inner-border' ><\/div><\/div><\/div><\/p><\/div><div class=\"flex_column av_one_third  av-animated-generic bottom-to-top  flex_column_div av-zero-column-padding   avia-builder-el-12  el_after_av_one_third  el_before_av_one_third  \" style='border-radius:0px; '><p><div class='avia-image-container  av-styling-    avia-builder-el-13  el_before_av_hr  avia-builder-el-first  avia-align-center '  itemprop=\"image\" itemscope=\"itemscope\" itemtype=\"https:\/\/schema.org\/ImageObject\"  ><div class='avia-image-container-inner'><div class='avia-image-overlay-wrap'><img class='avia_image' src='https:\/\/gestionriesgocero.com.ar\/gr0-2019\/wp-content\/uploads\/2019\/08\/Extintores-imagen-manual-300x158.jpg' alt='' title='Manual Extintores' height=\"158\" width=\"300\"  itemprop=\"thumbnailUrl\"  \/><\/div><\/div><\/div><br \/>\n<div style=' margin-top:10px; margin-bottom:10px;'  class='hr hr-custom hr-center hr-icon-no   avia-builder-el-14  el_after_av_image  el_before_av_heading '><span class='hr-inner   inner-border-av-border-fat' style=' width:50px; border-color:#249a80;' ><span class='hr-inner-style'><\/span><\/span><\/div><br \/>\n<div style='padding-bottom:0px; ' class='av-special-heading av-special-heading-h3  blockquote modern-quote modern-centered  avia-builder-el-15  el_after_av_hr  avia-builder-el-last   '><h3 class='av-special-heading-tag '  itemprop=\"headline\"  >Extintores Port\u00e1tiles<\/h3><div class ='av-subheading av-subheading_below  ' style='font-size:15px;'><p>Tipos y Usos de Extintores manuales<\/p>\n<\/div><div class='special-heading-border'><div class='special-heading-inner-border' ><\/div><\/div><\/div><\/p><\/div><div class=\"flex_column av_one_third  av-animated-generic bottom-to-top  flex_column_div av-zero-column-padding   avia-builder-el-16  el_after_av_one_third  el_before_av_one_third  \" style='border-radius:0px; '><p><div class='avia-image-container  av-styling-    avia-builder-el-17  el_before_av_hr  avia-builder-el-first  avia-align-center '  itemprop=\"image\" itemscope=\"itemscope\" itemtype=\"https:\/\/schema.org\/ImageObject\"  ><div class='avia-image-container-inner'><div class='avia-image-overlay-wrap'><img class='avia_image' src='https:\/\/gestionriesgocero.com.ar\/gr0-2019\/wp-content\/uploads\/2019\/08\/Zoonosis-imagen-manual-300x158.jpg' alt='Manual-Zoonosis' title='Manual Zoonosis' height=\"158\" width=\"300\"  itemprop=\"thumbnailUrl\"  \/><\/div><\/div><\/div><br \/>\n<div style=' margin-top:10px; margin-bottom:10px;'  class='hr hr-custom hr-center hr-icon-no   avia-builder-el-18  el_after_av_image  el_before_av_heading '><span class='hr-inner   inner-border-av-border-fat' style=' width:50px; border-color:#249a80;' ><span class='hr-inner-style'><\/span><\/span><\/div><br \/>\n<div style='padding-bottom:0px; ' class='av-special-heading av-special-heading-h3  blockquote modern-quote modern-centered  avia-builder-el-19  el_after_av_hr  avia-builder-el-last   '><h3 class='av-special-heading-tag '  itemprop=\"headline\"  >Zoonosis<\/h3><div class ='av-subheading av-subheading_below  ' style='font-size:15px;'><p>Prevenci\u00f3n de Enfermedades Zoon\u00f3ticas<\/p>\n<\/div><div class='special-heading-border'><div class='special-heading-inner-border' ><\/div><\/div><\/div><\/p><\/div><div class=\"flex_column av_one_third  av-animated-generic bottom-to-top  flex_column_div av-zero-column-padding first  avia-builder-el-20  el_after_av_one_third  el_before_av_one_third  column-top-margin\" style='border-radius:0px; '><p><div class='avia-image-container  av-styling-    avia-builder-el-21  el_before_av_hr  avia-builder-el-first  avia-align-center '  itemprop=\"image\" itemscope=\"itemscope\" itemtype=\"https:\/\/schema.org\/ImageObject\"  ><div class='avia-image-container-inner'><div class='avia-image-overlay-wrap'><img class='avia_image' src='https:\/\/gestionriesgocero.com.ar\/gr0-2019\/wp-content\/uploads\/2019\/08\/SGA-imagen-manual-300x158.jpg' alt='Manual-SGA' title='Manual SGA' height=\"158\" width=\"300\"  itemprop=\"thumbnailUrl\"  \/><\/div><\/div><\/div><br \/>\n<div style=' margin-top:10px; margin-bottom:10px;'  class='hr hr-custom hr-center hr-icon-no   avia-builder-el-22  el_after_av_image  el_before_av_heading '><span class='hr-inner   inner-border-av-border-fat' style=' width:50px; border-color:#249a80;' ><span class='hr-inner-style'><\/span><\/span><\/div><br \/>\n<div style='padding-bottom:0px; ' class='av-special-heading av-special-heading-h3  blockquote modern-quote modern-centered  avia-builder-el-23  el_after_av_hr  avia-builder-el-last   '><h3 class='av-special-heading-tag '  itemprop=\"headline\"  >SGA<\/h3><div class ='av-subheading av-subheading_below  ' style='font-size:15px;'><p>Sistema Globalmente Armonizado de Clasificaci\u00f3n y Etiquetado de Productos Qu\u00edmicos<\/p>\n<\/div><div class='special-heading-border'><div class='special-heading-inner-border' ><\/div><\/div><\/div><\/p><\/div><div class=\"flex_column av_one_third  av-animated-generic bottom-to-top  flex_column_div av-zero-column-padding   avia-builder-el-24  el_after_av_one_third  el_before_av_one_third  column-top-margin\" style='border-radius:0px; '><p><div class='avia-image-container  av-styling-    avia-builder-el-25  el_before_av_hr  avia-builder-el-first  avia-align-center '  itemprop=\"image\" itemscope=\"itemscope\" itemtype=\"https:\/\/schema.org\/ImageObject\"  ><div class='avia-image-container-inner'><div class='avia-image-overlay-wrap'><img class='avia_image' src='https:\/\/gestionriesgocero.com.ar\/gr0-2019\/wp-content\/uploads\/2019\/09\/Riesgos-Electricos-manual-300x158.jpg' alt='' title='Manual Riesgos El\u00e9ctricos' height=\"158\" width=\"300\"  itemprop=\"thumbnailUrl\"  \/><\/div><\/div><\/div><br \/>\n<div style=' margin-top:10px; margin-bottom:10px;'  class='hr hr-custom hr-center hr-icon-no   avia-builder-el-26  el_after_av_image  el_before_av_heading '><span class='hr-inner   inner-border-av-border-fat' style=' width:50px; border-color:#249a80;' ><span class='hr-inner-style'><\/span><\/span><\/div><br \/>\n<div style='padding-bottom:0px; ' class='av-special-heading av-special-heading-h3  blockquote modern-quote modern-centered  avia-builder-el-27  el_after_av_hr  avia-builder-el-last   '><h3 class='av-special-heading-tag '  itemprop=\"headline\"  >Riesgos El\u00e9ctricos<\/h3><div class ='av-subheading av-subheading_below  ' style='font-size:15px;'><p>&#8211;<\/p>\n<\/div><div class='special-heading-border'><div class='special-heading-inner-border' ><\/div><\/div><\/div><\/p><\/div><div class=\"flex_column av_one_third  av-animated-generic bottom-to-top  flex_column_div av-zero-column-padding   avia-builder-el-28  el_after_av_one_third  avia-builder-el-last  column-top-margin\" style='border-radius:0px; '><p><div class='avia-image-container  av-styling-    avia-builder-el-29  el_before_av_hr  avia-builder-el-first  avia-align-center '  itemprop=\"image\" itemscope=\"itemscope\" itemtype=\"https:\/\/schema.org\/ImageObject\"  ><div class='avia-image-container-inner'><div class='avia-image-overlay-wrap'><img class='avia_image' src='https:\/\/gestionriesgocero.com.ar\/gr0-2019\/wp-content\/uploads\/2019\/09\/Primeros-Auxilios-manual-300x158.jpg' alt='' title='Manual Primeros Auxilios' height=\"158\" width=\"300\"  itemprop=\"thumbnailUrl\"  \/><\/div><\/div><\/div><br \/>\n<div style=' margin-top:10px; margin-bottom:10px;'  class='hr hr-custom hr-center hr-icon-no   avia-builder-el-30  el_after_av_image  el_before_av_heading '><span class='hr-inner   inner-border-av-border-fat' style=' width:50px; border-color:#249a80;' ><span class='hr-inner-style'><\/span><\/span><\/div><br \/>\n<div style='padding-bottom:0px; ' class='av-special-heading av-special-heading-h3  blockquote modern-quote modern-centered  avia-builder-el-31  el_after_av_hr  avia-builder-el-last   '><h3 class='av-special-heading-tag '  itemprop=\"headline\"  >Primeros Auxilios<\/h3><div class ='av-subheading av-subheading_below  ' style='font-size:15px;'><p>&#8211;<\/p>\n<\/div><div class='special-heading-border'><div class='special-heading-inner-border' ><\/div><\/div><\/div><\/p><\/div><\/p>\n","protected":false},"excerpt":{"rendered":"","protected":false},"author":1,"featured_media":0,"parent":0,"menu_order":0,"comment_status":"closed","ping_status":"closed","template":"","meta":{"footnotes":""},"class_list":["post-566","page","type-page","status-publish","hentry"],"_links":{"self":[{"href":"https:\/\/gestionriesgocero.com.ar\/gr0-2019\/index.php\/wp-json\/wp\/v2\/pages\/566","targetHints":{"allow":["GET"]}}],"collection":[{"href":"https:\/\/gestionriesgocero.com.ar\/gr0-2019\/index.php\/wp-json\/wp\/v2\/pages"}],"about":[{"href":"https:\/\/gestionriesgocero.com.ar\/gr0-2019\/index.php\/wp-json\/wp\/v2\/types\/page"}],"author":[{"embeddable":true,"href":"https:\/\/gestionriesgocero.com.ar\/gr0-2019\/index.php\/wp-json\/wp\/v2\/users\/1"}],"replies":[{"embeddable":true,"href":"https:\/\/gestionriesgocero.com.ar\/gr0-2019\/index.php\/wp-json\/wp\/v2\/comments?post=566"}],"version-history":[{"count":8,"href":"https:\/\/gestionriesgocero.com.ar\/gr0-2019\/index.php\/wp-json\/wp\/v2\/pages\/566\/revisions"}],"predecessor-version":[{"id":639,"href":"https:\/\/gestionriesgocero.com.ar\/gr0-2019\/index.php\/wp-json\/wp\/v2\/pages\/566\/revisions\/639"}],"wp:attachment":[{"href":"https:\/\/gestionriesgocero.com.ar\/gr0-2019\/index.php\/wp-json\/wp\/v2\/media?parent=566"}],"curies":[{"name":"wp","href":"https:\/\/api.w.org\/{rel}","templated":true}]}}